{"id":378,"date":"2013-09-16T13:50:42","date_gmt":"2013-09-16T13:50:42","guid":{"rendered":"http:\/\/foodamentalisten.de\/web\/?page_id=378"},"modified":"2023-05-09T11:32:32","modified_gmt":"2023-05-09T11:32:32","slug":"referenzen","status":"publish","type":"page","link":"https:\/\/foodamentalisten.de\/web\/referenzen\/","title":{"rendered":"REFERENZEN"},"content":{"rendered":"<div id=\"pl-378\"  class=\"panel-layout\" ><div id=\"pg-378-0\"  class=\"panel-grid panel-has-style\" ><div class=\"siteorigin-panels-stretch panel-row-style panel-row-style-for-378-0\" style=\"background-image: url(https:\/\/foodamentalisten.de\/web\/wp-content\/uploads\/2018\/04\/IMG_4731.jpg);padding: 100px 0; \" data-stretch-type=\"full\" data-hasbg=\"hasbg\" data-overlay=\"true\" data-overlay-color=\"#000000\" ><div id=\"pgc-378-0-0\"  class=\"panel-grid-cell panel-grid-cell-empty\" ><\/div><div id=\"pgc-378-0-1\"  class=\"panel-grid-cell panel-grid-cell-mobile-last\" ><div id=\"panel-378-0-1-0\" class=\"so-panel widget widget_media_video panel-first-child panel-last-child\" data-index=\"0\" ><div style=\"text-align: left;\" data-title-color=\"#443f3f\" data-headings-color=\"#443f3f\" class=\"panel-widget-style panel-widget-style-for-378-0-1-0\" ><div style=\"width:100%;\" class=\"wp-video\"><video class=\"wp-video-shortcode\" id=\"video-378-1\" preload=\"metadata\" controls=\"controls\"><source type=\"video\/youtube\" src=\"https:\/\/youtu.be\/jnfEB1ZXUQw?_=1\" \/><a href=\"https:\/\/youtu.be\/jnfEB1ZXUQw\">https:\/\/youtu.be\/jnfEB1ZXUQw<\/a><\/video><\/div><\/div><\/div><\/div><div id=\"pgc-378-0-2\"  class=\"panel-grid-cell panel-grid-cell-empty\" ><\/div><\/div><\/div><div id=\"pg-378-1\"  class=\"panel-grid panel-has-style\" ><div class=\"siteorigin-panels-stretch panel-row-style panel-row-style-for-378-1\" style=\"padding: 100px 0; \" data-stretch-type=\"full\" data-overlay=\"true\" data-overlay-color=\"#000000\" ><div id=\"pgc-378-1-0\"  class=\"panel-grid-cell\" ><div id=\"panel-378-1-0-0\" class=\"so-panel widget widget_sow-editor panel-first-child panel-last-child\" data-index=\"1\" ><div style=\"text-align: left;\" data-title-color=\"#443f3f\" data-headings-color=\"#443f3f\" class=\"panel-widget-style panel-widget-style-for-378-1-0-0\" ><div class=\"so-widget-sow-editor so-widget-sow-editor-base\">\n<div class=\"siteorigin-widget-tinymce textwidget\">\n\t<p>*2019*<br \/>\nTECH IN CONSTRUCTION MESSE im K\u00fchlhaus Berlin 700pax Bar und Snack Catering sowie 200pax Get-together mit Flying Food und Bar<\/p>\n<p>THE VOICE FINALE 1200pax Vip Viewing und Aftershowparty Fingefood, Flying und Live Stationen<\/p>\n<p>FDP Herbstempfang 350pax im Umspannwerk am Alexanderplatz Fingerfood, Flying und Live Stationen<\/p>\n<p>FDP Weihnachtsfeier 650pax 2022<\/p>\n<p>Wiesn im Dom Aquaree 300pax Frischgezapftes Oktoberfestbier an der Bar mit dem passendem Wiesn B\u00fcffet<\/p>\n<p>Kranzler Eck Sommerfest 450pax Pavillons mit Live B\u00fcffet und Cocktailbars sowie Eingesetzte Vorspeisen im Family Style<\/p>\n<p>20.Firmenjubil\u00e4um Euroboden. F\u00fcr 420 G\u00e4ste wurde der gesamte Lobeblock zum beben gebracht, mit Rooftop Bar, Flying Food, Live BBQ und fetter Party bis tief in die Nacht.<\/p>\n<p>IRIS Adlershof HU Berlin 420pax Konferenz Dinner in den Bolle Fests\u00e4len<\/p>\n<p>joyn Launch im eWerk Berlin 500pax Flying Food, Live B\u00fcffet und Cocktail Bar<\/p>\n<p><a href=\"http:\/\/vision.apotheke-adhoc.de\" rel=\"noopener\" target=\"_blank\">Vision.A Die Digitalkonferenz 2019<\/a> von Apotheke Adhoc (400pax)<br \/>\nFullservice Catering (Fingerfood, Lunch, Live B\u00fcffet und Flying Food, Bar,..) 48h<br \/>\n****<br \/>\n<a href=\"http:\/\/vision.apotheke-adhoc.de\" rel=\"noopener\" target=\"_blank\">Vision.A Die\u00a0Digitalkonferenz 2018<\/a> von Apotheke Adhoc (400pax)\u00a0Fullservice Catering (Fingerfood, Lunch, Live B\u00fcffet und Flying Food, Bar,..) 48h<\/p>\n<p><a href=\"http:\/\/vision.apotheke-adhoc.de\" target=\"_blank\" rel=\"noopener\">Vision.A<\/a>\u00a0Die Digitalkonferenz 2017 von Apotheke Adhoc (350pax)<br \/>\nFullservice Catering (Fingerfood, Lunch, Live B\u00fcffet und Flying Food, Bar,..) 24h<\/p>\n<p>Skoda Marketing Award Dinner 2017 im Drive Forum Unter den Linden (120pax) Full-service Catering (Fingerfood, 3 G\u00e4nge Men\u00fc, Bar)<\/p>\n<p>We are Puglia VIVA! Festival 2018 Press Release Party in der Audi City Berlin 150pax (Cooperation mit Almo Chef Italia)<\/p>\n<p><a href=\"https:\/\/www.wayfair.de\" target=\"_blank\" rel=\"noopener\">wayfair<\/a> Weihnachtsfeier 2017 850pax \/ 2018 1000pax im Soda Berlin Flying Food und Live Cooking<\/p>\n<p>FDP Weihnachtsfeier 2017 (550pax im Soda Berlin Flying Food und Live Cooking)<\/p>\n<p><a href=\"https:\/\/om.live\" target=\"_blank\" rel=\"noopener\">OMLIVE<\/a> Online Marketing Konferenz 2017 (450pax) Fullservice Catering (Lunch,Live B\u00fcffet, Fingerfood und Flying Food)<\/p>\n<p>Er\u00f6ffnung des neuen Audi Terminals in L\u00fcbben 2017 (350pax Live BBQ Station, Flying Food, Bar und Full-Service-Catering)<br \/>\nEr\u00f6ffnung des neuen Audi Terminals in Spandau 2016 (400pax Flying Food, gesetztes Dinner, Late BBQ Snackstation, Full-Service-Catering)<br \/>\n<a href=\"https:\/\/www.youtube.com\/watch?v=_FvTXwIffFs\" target=\"_blank\" rel=\"noopener\">Audi Urban Cinema 2014 1300pax<\/a><br \/>\nAudi Urban Cinema 2015<\/p>\n<p>Audi RStaurant 100pax 2022 (2 Tage exklusives Dinner)<\/p>\n<p>Ethical Fashionshow und Green Showroom 2015 Summer und 2016 Summer<br \/>\n(Aftershow Cocktail und Ausstellerabend 350pax BBQ)<\/p>\n<p>Gastronomische Konzeptberatung, Er\u00f6ffnung und Umsetzung f\u00fcr das Fischrestaurant <a href=\"https:\/\/www.facebook.com\/seasidethefishrestaurant\/reviews\/\">Seaside<\/a> 2016<\/p>\n<p>Oberlinhaus Sommerfest 2016\/2017\/2021\/2022 (650pax BBQ mit 2 diesen Smoken, Getr\u00e4nkebars, Equipment und Full-service)<\/p>\n<p>Domaquaree<br \/>\nEinweihung der neuen Lichtinstallation 2016 mit Bar und BBQ Station (350pax)<br \/>\nWhite Dinner Live B\u00fcffet und Bar (250pax)<br \/>\nWiesn im Domaquaree 2017 (280pax Live B\u00fcffet und Bar)<br \/>\nWiesn im Domaquaree 2018 (320pax Live B\u00fcffet und Bar) <\/p>\n<p>Wear it Berlin<br \/>\n(40pax gesetztes Dinner)<\/p>\n<p>Charit\u00e8 Berlin<br \/>\nJahresauftaktveranstaltung 2014 (100pax)<\/p>\n<p>Sing-Akademie zu Berlin e. V. Stiftungser\u00f6ffnung 2017 (270 pax Live B\u00fcffet und Full Service Catering)<\/p>\n<p>Bundesverband Erneuerbare Energien e.V. (BEE)<br \/>\nB\u00fcro Er\u00f6ffnung mit Bar und Flying Food 150pax<\/p>\n<p>Sommerfest 2016\/2017 Deutsche Umwelthilfe e.V. (200pax)<\/p>\n<p><a href=\"http:\/\/www.iris-adlershof.de\">IRIS Adlershof 2015<\/a> (Konferenz Dinner 80pax)<br \/>\nIRIS Adlershof 2016 (Konferenzabschluss BBQ 170pax)<\/p>\n<p>B\u00fcroer\u00f6ffnung der Fluggesellschaft Smallplanet 2015 (120pax Flying Food, Bar und Full-Service)<\/p>\n<p>MIT Mitelstands-und Wirtschaftsvereinigung der CDU\/CSU<br \/>\n(400pax Start Up Event)<\/p>\n<p>Bund f\u00fcr Umwelt und Naturschutz Deutschland (BUND)<\/p>\n<p>Kolumbianische Botschaft Berlin<br \/>\nAlle gr\u00f6\u00dferen Empf\u00e4nge auf Ministerebene<\/p>\n<p>ProColombia<br \/>\nExklusiv alle Messestand Caterings in Deutschland<br \/>\nImex 2012 \/ 2013 \/ 2014 \/ 2015 \/ 2016 \/ 2017 \/ 2018<br \/>\nITB 2012 \/ 2013 \/ 2014 \/ 2015 \/ 2016 \/ 2017 \/2018 \/ 2019<\/p>\n<p>Sistole<br \/>\nFoodkonzepte und Promotion f\u00fcr die Aussteller im Rahmen des ProExport Messestandes in Deutschland f\u00fcr Foodmessen wie,<br \/>\nAnuga 2011 \/ 2013 \/ 2015 (4 Messest\u00e4nde gleichzeitig)<br \/>\nBiofach 2012 \/ 2013 \/ 2014 \/ 2015 \/ 2016 \/2017<br \/>\nFruitlogistika 2012 \/2013 \/ 2014 \/ 2015 \/ 2016 \/2017 \/ 2019<\/p>\n<p>Avianca<br \/>\nStandcatering auf der Imex in Frankfurt 2013<\/p>\n<p>Eightballs Veranstaltungs GmbH in der Kulturbrauerei<br \/>\nF\u00fcr wichtige VIP Veranstaltungen wie der Audi KLassik Open Air 2013 \/ 2014 (150 Personen gesetztes Dinner)<\/p>\n<p>Er\u00f6ffnung des neuen Audi Terminals in L\u00fcbben 2017 (350pax Live BBQ Station, Flying Food, Bar und Full-Service-Catering)<br \/>\nEr\u00f6ffnung des neuen Audi Terminals in Spandau 2016 (400pax Flying Food, gesetztes Dinner, Late BBQ Snackstation, Full-Service-Catering)<br \/>\n<a href=\"https:\/\/www.youtube.com\/watch?v=_FvTXwIffFs\" target=\"_blank\" rel=\"noopener\">Audi Urban Cinema 2014 1300pax<\/a><br \/>\nAudi Urban Cinema 2015<\/p>\n<p>Mazda Pop-Up Store Berlin 2017 125pax (Full-Service-Catering mit Flying Food und Bar)<\/p>\n<p>Warner Brothers Deutschland<br \/>\nFilmpremieren Catering f\u00fcr<br \/>\n100 Dinge (850pax)<br \/>\nDer Hobbit 2 Europa Premiere (1500 Personen)<br \/>\nVermessung der Welt (700 Personen)<br \/>\nMann tut was Mann kann (500 Personen)<br \/>\nFeuchtgebiete (600 Personen)<br \/>\nKeinohrhase und Zweiohrk\u00fcken (250 Persoen VIP)<br \/>\nsowie weitere kleinere Produktionen<\/p>\n<p>Tobis Film GmbH<br \/>\nBerlinale Empfang 2015 \/ 2016 (150pax)<br \/>\nFilmpremieren Catering f\u00fcr<br \/>\nPrisoners (600 Personen)<br \/>\nDie G\u00e4rtnerin von Versailles (500pax)<\/p>\n<p><a href=\"https:\/\/www.prosiebensat1.com\" rel=\"noopener\" target=\"_blank\">ProSiebenSat.1 Media SE<\/a><br \/>\nKonferenzen und Pr\u00e4sentationen (CEO\u00b4s und top VIPs) 2018 \/2019<br \/>\n#createchange 75pax<\/p>\n<p><a href=\"http:\/\/www.usm.com\" rel=\"noopener\" target=\"_blank\">USM Haller<\/a><br \/>\nBiesenthal Showroom 3 Wochen<br \/>\nKonferenzen und BBQ\u00b4s<\/p>\n<p>Bread and Butter GmbH<br \/>\nBread and Butter Mode Messe seit 2011 Sommer wie Winter (bis 1000 Personen pro Tag)<\/p>\n<p>Deutsche Bahn<br \/>\nSommerfest f\u00fcr 370 Personen 2013<\/p>\n<p>Olaf Heinecke Beratende Ingenieurgesellschaft mbH<br \/>\n(150 pax Sommerfest BBQ 150pax)<\/p>\n<p>zukunft im Zentrum GmbH 2014\/2016\/2017\/2018<br \/>\nSommerfest und Weihnachtsfeiern sowie Galerieabende f\u00fcr bis zu 130pax<\/p>\n<p>Meco Acad\u00e9mie<br \/>\nSommerfest, Meet and Greets sowie B\u00fcroer\u00f6ffnung der neuen Gesch\u00e4ftsstelle bis 140pax<\/p>\n<p>Remondis 2015\/2016\/2017 \/ 2018<br \/>\n(130pax Sommerfest BBQ mit riesen Smoker)<\/p>\n<p><a href=\"http:\/\/www.kba-berlin.de\" rel=\"noopener\" target=\"_blank\">kba Architekten und Ingenieure GmbH<\/a><br \/>\nSommerfest BBQ und Bar 100pax 2018<\/p>\n<p>Kick:consulting GmbH Sommerfest und Weihnachtsfeier 2016 \/ 2017 \/ 2018<\/p>\n<p>Sowie viele weitere gro\u00dfe Veranstaltungen als Supporter f\u00fcr Eventagenturen, aber auch kleinere Feiern, Wie Weihnachtsfeiern, Sommerfeste und Hochzeiten...<\/p>\n<\/div>\n<\/div><\/div><\/div><\/div><\/div><\/div><\/div>","protected":false},"excerpt":{"rendered":"<p>*2019* TECH IN CONSTRUCTION MESSE im K\u00fchlhaus Berlin 700pax Bar und Snack Catering sowie 200pax Get-together mit Flying Food und Bar THE [&hellip;]<\/p>\n","protected":false},"author":1,"featured_media":0,"parent":0,"menu_order":7,"comment_status":"closed","ping_status":"closed","template":"page-templates\/page_fullwidth.php","meta":{"footnotes":""},"class_list":["post-378","page","type-page","status-publish","hentry"],"_links":{"self":[{"href":"https:\/\/foodamentalisten.de\/web\/wp-json\/wp\/v2\/pages\/378","targetHints":{"allow":["GET"]}}],"collection":[{"href":"https:\/\/foodamentalisten.de\/web\/wp-json\/wp\/v2\/pages"}],"about":[{"href":"https:\/\/foodamentalisten.de\/web\/wp-json\/wp\/v2\/types\/page"}],"author":[{"embeddable":true,"href":"https:\/\/foodamentalisten.de\/web\/wp-json\/wp\/v2\/users\/1"}],"replies":[{"embeddable":true,"href":"https:\/\/foodamentalisten.de\/web\/wp-json\/wp\/v2\/comments?post=378"}],"version-history":[{"count":56,"href":"https:\/\/foodamentalisten.de\/web\/wp-json\/wp\/v2\/pages\/378\/revisions"}],"predecessor-version":[{"id":1422,"href":"https:\/\/foodamentalisten.de\/web\/wp-json\/wp\/v2\/pages\/378\/revisions\/1422"}],"wp:attachment":[{"href":"https:\/\/foodamentalisten.de\/web\/wp-json\/wp\/v2\/media?parent=378"}],"curies":[{"name":"wp","href":"https:\/\/api.w.org\/{rel}","templated":true}]}}