{"id":1534,"date":"2018-10-29T19:25:34","date_gmt":"2018-10-29T19:25:34","guid":{"rendered":"http:\/\/foodamentalisten.de\/web\/?page_id=1534"},"modified":"2018-10-29T19:25:34","modified_gmt":"2018-10-29T19:25:34","slug":"datenschutzerklaerung","status":"publish","type":"page","link":"https:\/\/foodamentalisten.de\/web\/kontakt\/impressum\/datenschutzerklaerung\/","title":{"rendered":"Datenschutzerkl\u00e4rung"},"content":{"rendered":"<p><strong>Grundlegendes<\/strong><\/p>\n<p>Diese Datenschutzerkl\u00e4rung soll die Nutzer dieser Website \u00fcber die Art, den Umfang und den Zweck der Erhebung und Verwendung personenbezogener Daten durch den Websitebetreiber [Foodamentalist GmbH, Sonnenallee 133 ,12059 Berlin] informieren.<\/p>\n<p>Der Websitebetreiber nimmt Ihren Datenschutz sehr ernst und behandelt Ihre personenbezogenen Daten vertraulich und entsprechend der gesetzlichen Vorschriften. Da durch neue Technologien und die st\u00e4ndige Weiterentwicklung dieser Webseite \u00c4nderungen an dieser Datenschutzerkl\u00e4rung vorgenommen werden k\u00f6nnen, empfehlen wir Ihnen sich die Datenschutzerkl\u00e4rung in regelm\u00e4\u00dfigen Abst\u00e4nden wieder durchzulesen.<\/p>\n<p>Definitionen der verwendeten Begriffe (z.B. \u201cpersonenbezogene Daten\u201d oder \u201cVerarbeitung\u201d) finden Sie in Art. 4 DSGVO.<\/p>\n<p><strong>Zugriffsdaten<\/strong><\/p>\n<p>Wir, der Websitebetreiber bzw. Seitenprovider, erheben aufgrund unseres berechtigten Interesses (s. Art. 6 Abs. 1 lit. f. DSGVO) Daten \u00fcber Zugriffe auf die Website und speichern diese als \u201eServer-Logfiles\u201c auf dem Server der Website ab. Folgende Daten werden so protokolliert:<\/p>\n<p>\u2022\tBesuchte Website<br \/>\n\u2022\tUhrzeit zum Zeitpunkt des Zugriffes<br \/>\n\u2022\tMenge der gesendeten Daten in Byte<br \/>\n\u2022\tQuelle\/Verweis, von welchem Sie auf die Seite gelangten<br \/>\n\u2022\tVerwendeter Browser<br \/>\n\u2022\tVerwendetes Betriebssystem<br \/>\n\u2022\tVerwendete IP-Adresse<\/p>\n<p>Die Server-Logfiles werden f\u00fcr maximal 7 Tage gespeichert und anschlie\u00dfend gel\u00f6scht. Die Speicherung der Daten erfolgt aus Sicherheitsgr\u00fcnden, um z. B. Missbrauchsf\u00e4lle aufkl\u00e4ren zu k\u00f6nnen. M\u00fcssen Daten aus Beweisgr\u00fcnden aufgehoben werden, sind sie solange von der L\u00f6schung ausgenommen bis der Vorfall endg\u00fcltig gekl\u00e4rt ist.<\/p>\n<p><strong>Reichweitenmessung &#038; Cookies<\/strong><\/p>\n<p>Diese Website verwendet Cookies zur pseudonymisierten Reichweitenmessung, die entweder von unserem Server oder dem Server Dritter an den Browser des Nutzers \u00fcbertragen werden. Bei Cookies handelt es sich um kleine Dateien, welche auf Ihrem Endger\u00e4t gespeichert werden. Ihr Browser greift auf diese Dateien zu. Durch den Einsatz von Cookies erh\u00f6ht sich die Benutzerfreundlichkeit und Sicherheit dieser Website.<br \/>\nFalls Sie nicht m\u00f6chten, dass Cookies zur Reichweitenmessung auf Ihrem Endger\u00e4t gespeichert werden, k\u00f6nnen Sie dem Einsatz dieser Dateien hier widersprechen:<\/p>\n<p>\u2022\tCookie-Deaktivierungsseite der Netzwerkwerbeinitiative: http:\/\/optout.networkadvertising.org\/?c=1#!\/<br \/>\n\u2022\tCookie-Deaktivierungsseite der US-amerikanischen Website: http:\/\/optout.aboutads.info\/?c=2#!\/<br \/>\n\u2022\tCookie-Deaktivierungsseite der europ\u00e4ischen Website: http:\/\/optout.networkadvertising.org\/?c=1#!\/<\/p>\n<p>G\u00e4ngige Browser bieten die Einstellungsoption, Cookies nicht zuzulassen. Hinweis: Es ist nicht gew\u00e4hrleistet, dass Sie auf alle Funktionen dieser Website ohne Einschr\u00e4nkungen zugreifen k\u00f6nnen, wenn Sie entsprechende Einstellungen vornehmen.<\/p>\n<p><strong>Erfassung und Verarbeitung personenbezogener Daten<\/strong><\/p>\n<p>Der Websitebetreiber erhebt, nutzt und gibt Ihre personenbezogenen Daten nur dann weiter, wenn dies im gesetzlichen Rahmen erlaubt ist oder Sie in die Datenerhebung einwilligen.<br \/>\nAls personenbezogene Daten gelten s\u00e4mtliche Informationen, welche dazu dienen, Ihre Person zu bestimmen und welche zu Ihnen zur\u00fcckverfolgt werden k\u00f6nnen \u2013 also beispielsweise Ihr Name, Ihre E-Mail-Adresse und Telefonnummer.<\/p>\n<p>Diese Website k\u00f6nnen Sie auch besuchen, ohne Angaben zu Ihrer Person zu machen. Zur Verbesserung unseres Online-Angebotes speichern wir jedoch (ohne Personenbezug) Ihre Zugriffsdaten auf diese Website. Zu diesen Zugriffsdaten geh\u00f6ren z. B. die von Ihnen angeforderte Datei oder der Name Ihres Internet-Providers. Durch die Anonymisierung der Daten sind R\u00fcckschl\u00fcsse auf Ihre Person nicht m\u00f6glich. <\/p>\n<p>\u2022\tWir verarbeiten personenbezogene Daten wie Vorname, Nachname, IP-Adresse, E-Mail-Adresse, Wohnort, Postleitzahl und Inhaltsangaben aus Anfragen \u00fcber das Kontaktformular.<br \/>\n\u2022\tWir verarbeiten personenbezogene Daten nur nach ausdr\u00fccklicher Erlaubnis  der betreffenden Nutzer und unter Einhaltung der geltenden Datenschutzbestimmungen.<br \/>\n\u2022\tDie Verarbeitung der personenbezogenen Daten erfolgt aufgrund unseres berechtigten Interesses zur Erf\u00fcllung unserer vertraglich vereinbarten Leistungen und zur Optimierung unseres Online-Angebotes.<\/p>\n<p><strong>Umgang mit Kontaktdaten<\/strong><\/p>\n<p>Nehmen Sie mit uns als Websitebetreiber durch die angebotenen Kontaktm\u00f6glichkeiten Verbindung auf, werden Ihre Angaben gespeichert, damit auf diese zur Bearbeitung und Beantwortung Ihrer Anfrage zur\u00fcckgegriffen werden kann. Ohne Ihre Einwilligung werden diese Daten nicht an Dritte weitergegeben.<\/p>\n<p><strong>Nutzung von Social-Media-Plugins von Instagram sowie YouTube <\/strong><\/p>\n<p>Wir haben Funktionen des Internetdienstleisters Instagram Inc. auf unseren Internetseiten \u00fcber ein Plugin eingebunden. Durch Anklicken der gezeigten Bilder (im Plugin Bereich Instagram) oder des Buttons \u201eView on Instagram\u201c k\u00f6nnen Sie Inhalte unserer Seiten direkt mit Ihrem Instagram Profil verlinken, sofern sie gerade selbst in Ihrem Instagram Account eingeloggt sind. Instagram kann dadurch den Besuch unserer Seiten Ihrem Instagram Account zuordnen.<br \/>\nWir haben keine Kenntnis vom Inhalt und Umfang der \u00fcbermittelten Daten, sowie deren Nutzung.  Instagram Inc, 1601 Willow Road, Menlo Park, CA, 94025, USA stellt uns keine Information dar\u00fcber zur Verf\u00fcgung.<br \/>\nWeitere Informationen finden Sie in der Datenschutzerkl\u00e4rung von Instagram unter :<br \/>\nhttp:\/\/instagram.com\/about\/legal\/privacy\/<\/p>\n<p>Unsere Internetseite nutzt YouTube Plugins. YouTube LLC, 901 Cherry Ave., San Bruno, CA 94066, USA ist der Betreiber der Seite YouTube. YouTube LLC ist ein Tochterunternehmen von Google LLC. Alle YouTube Plugins bauen beim Besuch der damit ausgestatteten Seiten eine Verbindung zu den YouTube Servern auf. Dadurch wird YouTube auch \u00fcbermittelt, welche Webseiten Sie bei uns besucht haben.<br \/>\nDes weiteren kann YouTube Ihr Surfverhalten auch Ihrem YouTube Account zuordnen, sofern Sie gleichzeitig mit Ihrem pers\u00f6nlichen YouTube Account eingeloggt sind. Sind Sie ausgeloggt, ist dies nicht mehr m\u00f6glich. Ben\u00f6tigen Sie mehr Informationen bez\u00fcglich dem Umgang Ihrer Daten bei YouTube, dann besuchen Sie die Datenschutzerkl\u00e4rung von YouTube unter :<br \/>\nhttps:\/\/www.google.de\/intl\/de\/policies\/privacy<\/p>\n<p><strong>Rechte des Nutzers<\/strong><\/p>\n<p>Sie haben als Nutzer das Recht, auf Antrag eine kostenlose Auskunft dar\u00fcber zu erhalten, welche personenbezogenen Daten \u00fcber Sie gespeichert wurden. Sie haben au\u00dferdem das Recht auf Berichtigung falscher Daten und auf die Verarbeitungseinschr\u00e4nkung oder L\u00f6schung Ihrer personenbezogenen Daten. Falls zutreffend, k\u00f6nnen Sie auch Ihr Recht auf Datenportabilit\u00e4t geltend machen. Sollten Sie annehmen, dass Ihre Daten unrechtm\u00e4\u00dfig verarbeitet wurden, k\u00f6nnen Sie eine Beschwerde bei der zust\u00e4ndigen Aufsichtsbeh\u00f6rde einreichen.<\/p>\n<p><strong>L\u00f6schung von Daten<\/strong><\/p>\n<p>Sofern Ihr Wunsch nicht mit einer gesetzlichen Pflicht zur Aufbewahrung von Daten (z. B. Vorratsdatenspeicherung) kollidiert, haben Sie ein Anrecht auf L\u00f6schung Ihrer Daten. Von uns gespeicherte Daten werden, sollten sie f\u00fcr ihre Zweckbestimmung nicht mehr vonn\u00f6ten sein und es keine gesetzlichen Aufbewahrungsfristen geben, gel\u00f6scht. Falls eine L\u00f6schung nicht durchgef\u00fchrt werden kann, da die Daten f\u00fcr zul\u00e4ssige gesetzliche Zwecke erforderlich sind, erfolgt eine Einschr\u00e4nkung der Datenverarbeitung. In diesem Fall werden die Daten gesperrt und nicht f\u00fcr andere Zwecke verarbeitet.<\/p>\n<p><strong>Widerspruchsrecht<\/strong><\/p>\n<p>Nutzer dieser Webseite k\u00f6nnen von ihrem Widerspruchsrecht Gebrauch machen und der Verarbeitung ihrer personenbezogenen Daten zu jeder Zeit widersprechen. <\/p>\n<p>Wenn Sie eine Berichtigung, Sperrung, L\u00f6schung oder Auskunft \u00fcber die zu Ihrer Person gespeicherten personenbezogenen Daten w\u00fcnschen oder Fragen bzgl. der Erhebung, Verarbeitung oder Verwendung Ihrer personenbezogenen Daten haben oder erteilte Einwilligungen widerrufen m\u00f6chten, wenden Sie sich bitte an folgende E-Mail-Adresse: [office@foodamentalist.com]<\/p>\n","protected":false},"excerpt":{"rendered":"<p>Grundlegendes Diese Datenschutzerkl\u00e4rung soll die Nutzer dieser Website \u00fcber die Art, den Umfang und den Zweck der Erhebung und Verwendung personenbezogener Daten [&hellip;]<\/p>\n","protected":false},"author":1,"featured_media":0,"parent":24,"menu_order":0,"comment_status":"closed","ping_status":"closed","template":"page-templates\/page_fullwidth.php","meta":{"footnotes":""},"class_list":["post-1534","page","type-page","status-publish","hentry"],"_links":{"self":[{"href":"https:\/\/foodamentalisten.de\/web\/wp-json\/wp\/v2\/pages\/1534","targetHints":{"allow":["GET"]}}],"collection":[{"href":"https:\/\/foodamentalisten.de\/web\/wp-json\/wp\/v2\/pages"}],"about":[{"href":"https:\/\/foodamentalisten.de\/web\/wp-json\/wp\/v2\/types\/page"}],"author":[{"embeddable":true,"href":"https:\/\/foodamentalisten.de\/web\/wp-json\/wp\/v2\/users\/1"}],"replies":[{"embeddable":true,"href":"https:\/\/foodamentalisten.de\/web\/wp-json\/wp\/v2\/comments?post=1534"}],"version-history":[{"count":2,"href":"https:\/\/foodamentalisten.de\/web\/wp-json\/wp\/v2\/pages\/1534\/revisions"}],"predecessor-version":[{"id":1536,"href":"https:\/\/foodamentalisten.de\/web\/wp-json\/wp\/v2\/pages\/1534\/revisions\/1536"}],"up":[{"embeddable":true,"href":"https:\/\/foodamentalisten.de\/web\/wp-json\/wp\/v2\/pages\/24"}],"wp:attachment":[{"href":"https:\/\/foodamentalisten.de\/web\/wp-json\/wp\/v2\/media?parent=1534"}],"curies":[{"name":"wp","href":"https:\/\/api.w.org\/{rel}","templated":true}]}}